{"id":9042,"date":"2016-11-16T16:18:33","date_gmt":"2016-11-16T16:18:33","guid":{"rendered":"http:\/\/www.orthoestetic.es\/ca\/?page_id=9042"},"modified":"2020-03-30T16:23:30","modified_gmt":"2020-03-30T16:23:30","slug":"home","status":"publish","type":"page","link":"https:\/\/www.orthoestetic.es\/ca\/","title":{"rendered":"HOME"},"content":{"rendered":"<p>[vc_row][vc_column][vc_column_text][column parallax_bg=&#8221;disabled&#8221; parallax_bg_inertia=&#8221;-0.2&#8243; extended=&#8221;false&#8221; extended_padding=&#8221;true&#8221; background_color=&#8221;&#8221; background_image=&#8221;&#8221; background_repeat=&#8221;&#8221; background_position=&#8221;&#8221; background_size=&#8221;auto&#8221; background_attachment=&#8221;&#8221; hide_bg_lowres=&#8221;false&#8221; background_video=&#8221;&#8221; vertical_padding_top=&#8221;30&#8243; vertical_padding_bottom=&#8221;20&#8243; more_link=&#8221;&#8221; more_text=&#8221;&#8221; left_border=&#8221;transparent&#8221; class=&#8221;move-into-slider&#8221; id=&#8221;&#8221; title=&#8221;&#8221; title_type=&#8221;single&#8221; animation=&#8221;none&#8221; width=&#8221;1\/1&#8243; last=&#8221;true&#8221;]<\/p>\n<p>[column_1 width=&#8221;1\/3&#8243; title=&#8221;undefined&#8221; title_type=&#8221;undefined&#8221; animation=&#8221;none&#8221; implicit=&#8221;true&#8221;\u00a0<span class=\"webkit-html-attribute-name\">style<\/span>=&#8221;<span class=\"webkit-html-attribute-value\">padding-top: 0px;padding-bottom:0px;<\/span>&#8221; ]<\/p>\n<p>[services_expandable background=&#8221;#6c329f&#8221; hover_background=&#8221;#a078c2&#8243; image=&#8221;&#8221; icon=&#8221;&#8221; icon_color=&#8221;accent6&#8243; icon_size=&#8221;62&#8243;] [push h=&#8221;10&#8243;]<br \/>\n[push h=&#8221;10&#8243;]<\/p>\n<h3><span style=\"color: #fff;\">LA CLINICA<\/span><\/h3>\n<p>[push h=&#8221;8&#8243;]<br \/>\nCl\u00ednica dental a Barcelona.<br \/>\nConeix les nostres instal\u00b7lacions i professionals.<br \/>\n[push h=&#8221;15&#8243;]<\/p>\n<p>[split]<\/p>\n<p>[button id=&#8221;&#8221; style=&#8221;border&#8221; class=&#8221;&#8221; align=&#8221;&#8221; link=&#8221;http:\/\/www.orthoestetic.es\/ca\/clinica-dental-barcelona\/&#8221; linkTarget=&#8221;_self&#8221; bgColor=&#8221;accent8&#8243; hover_color=&#8221;accent1&#8243; font=&#8221;14&#8243; icon=&#8221;&#8221; icon_placement=&#8221;left&#8221; icon_color=&#8221;&#8221;]Llegir m\u00e9s \u2192[\/button]<\/p>\n<p>[\/services_expandable]<\/p>\n<p>[\/column_1][column_1 width=&#8221;1\/3&#8243; title=&#8221;undefined&#8221; title_type=&#8221;undefined&#8221; animation=&#8221;none&#8221; implicit=&#8221;true&#8221; <span class=\"webkit-html-attribute-name\">style<\/span>=&#8221;<span class=\"webkit-html-attribute-value\">padding-top: 20px;padding-bottom:0px;<\/span>&#8221; ]<\/p>\n<p>[services_expandable background=&#8221;#4b1e6f&#8221; hover_background=&#8221;#a078c2&#8243; image=&#8221;&#8221; icon=&#8221;&#8221; icon_color=&#8221;accent6&#8243; icon_size=&#8221;62&#8243;] [push h=&#8221;10&#8243;]<br \/>\n[push h=&#8221;10&#8243;]<\/p>\n<h3><span style=\"color: #fff;\">ODONTOLOGIA<\/span><\/h3>\n<p>[push h=&#8221;8&#8243;]<br \/>\nOferim atenci\u00f3 en les especialitats odontol\u00f2giques desenvolupada per un professional especialitzat.<br \/>\n[push h=&#8221;15&#8243;]<\/p>\n<p>[split]<\/p>\n<p>[button id=&#8221;&#8221; style=&#8221;border&#8221; class=&#8221;&#8221; align=&#8221;&#8221; link=&#8221;http:\/\/www.orthoestetic.es\/ca\/odontologia\/&#8221; linkTarget=&#8221;_self&#8221; bgColor=&#8221;accent8&#8243; hover_color=&#8221;accent1&#8243; font=&#8221;14&#8243; icon=&#8221;&#8221; icon_placement=&#8221;left&#8221; icon_color=&#8221;&#8221;]Llegir m\u00e9s \u2192[\/button]<\/p>\n<p>[\/services_expandable]<\/p>\n<p>[\/column_1][column_1 width=&#8221;1\/3&#8243; last=&#8221;true&#8221; title=&#8221;undefined&#8221; title_type=&#8221;undefined&#8221; animation=&#8221;none&#8221; implicit=&#8221;true&#8221;]<\/p>\n<p>[services_expandable background=&#8221;#553271&#8243; hover_background=&#8221;#a078c2&#8243; image=&#8221;&#8221; icon=&#8221;&#8221; icon_color=&#8221;accent6&#8243; icon_size=&#8221;62&#8243;] [push h=&#8221;10&#8243;]<br \/>\n[push h=&#8221;10&#8243;]<\/p>\n<h3><span style=\"color: #fff;\">ORTOD\u00d2NCIA<\/span><\/h3>\n<p>[push h=&#8221;8&#8243;]<br \/>\nDISSENY DE SOMRIURES. Consisteix en portar les dents a unes condicions ideals segons la cara i caracter\u00edstiques espec\u00edfiques de cada pacient.<br \/>\n[push h=&#8221;15&#8243;]<\/p>\n<p>[split]<\/p>\n<p>[button id=&#8221;&#8221; style=&#8221;border&#8221; class=&#8221;&#8221; align=&#8221;&#8221; link=&#8221;http:\/\/www.orthoestetic.es\/ca\/ortodoncia\/&#8221; linkTarget=&#8221;_self&#8221; bgColor=&#8221;accent8&#8243; hover_color=&#8221;accent1&#8243; font=&#8221;14&#8243; icon=&#8221;&#8221; icon_placement=&#8221;left&#8221; icon_color=&#8221;&#8221;]Llegir m\u00e9s \u2192[\/button]<\/p>\n<p>[\/services_expandable]<\/p>\n<p>[\/column_1]<\/p>\n<p>[\/column]<\/p>\n<p>[column parallax_bg=&#8221;disabled&#8221; parallax_bg_inertia=&#8221;-0.2&#8243; extended=&#8221;false&#8221; extended_padding=&#8221;true&#8221; background_color=&#8221;&#8221; background_image=&#8221;http:\/\/www.orthoestetic.es\/wp-content\/uploads\/2016\/06\/home1.jpg&#8221; background_repeat=&#8221;no-repeat&#8221; background_position=&#8221;center bottom&#8221; background_size=&#8221;auto&#8221; background_attachment=&#8221;scroll&#8221; hide_bg_lowres=&#8221;true&#8221; background_video=&#8221;&#8221; vertical_padding_top=&#8221;0&#8243; vertical_padding_bottom=&#8221;0&#8243; more_link=&#8221;&#8221; more_text=&#8221;&#8221; left_border=&#8221;transparent&#8221; class=&#8221;&#8221; id=&#8221;&#8221; title=&#8221;&#8221; title_type=&#8221;single&#8221; animation=&#8221;none&#8221; width=&#8221;1\/1&#8243; last=&#8221;true&#8221;]<\/p>\n<p>[column_1 parallax_bg=&#8221;disabled&#8221; parallax_bg_inertia=&#8221;-0.2&#8243; extended=&#8221;false&#8221; extended_padding=&#8221;true&#8221; background_color=&#8221;&#8221; background_image=&#8221;http:\/\/www.orthoestetic.es\/wp-content\/uploads\/2016\/06\/home1.jpg&#8221; background_repeat=&#8221;no-repeat&#8221; background_position=&#8221;&#8221; background_size=&#8221;auto&#8221; background_attachment=&#8221;&#8221; hide_bg_lowres=&#8221;false&#8221; background_video=&#8221;&#8221; vertical_padding_top=&#8221;0&#8243; vertical_padding_bottom=&#8221;0&#8243; more_link=&#8221;&#8221; more_text=&#8221;&#8221; left_border=&#8221;transparent&#8221; class=&#8221;&#8221; id=&#8221;&#8221; title=&#8221;&#8221; title_type=&#8221;single&#8221; animation=&#8221;from-left&#8221; width=&#8221;1\/2&#8243; last=&#8221;true&#8221;]<\/p>\n<h2>Coneix Orthoestetic Cl\u00ednica Dental<\/h2>\n<p>[divider type=&#8221;1&#8243;]<\/p>\n<p>[\/divider]<\/p>\n<p>[push h=&#8221;20&#8243;]<br \/>\nOrthoestetic Cl\u00ednica Dental &#8211; Dra. Marta Holgu\u00edn, es troba ubicada en el cor de Barcelona, en l&#8217;Avinguda Diagonal, Barri de la Sagrada Fam\u00edlia &#8211; Districte de l&#8217;Eixample. Molt a prop de la parada Verdaguer &#8211; Sortida Av. Diagonal &#8211; C\/. Girona.<br \/>\nFinan\u00e7ament a la seva mida.<\/p>\n<p>[push h=&#8221;40&#8243;]<br \/>\n[button id=&#8221;&#8221; style=&#8221;border&#8221; class=&#8221;&#8221; align=&#8221;left&#8221; link=&#8221;http:\/\/www.orthoestetic.es\/ca\/clinica-dental-barcelona\/&#8221; linkTarget=&#8221;_self&#8221; bgColor=&#8221;accent1&#8243; hover_color=&#8221;accent1&#8243; font=&#8221;14&#8243; icon=&#8221;&#8221; icon_placement=&#8221;left&#8221; icon_color=&#8221;&#8221;]La cl\u00ednica[\/button][button id=&#8221;&#8221; style=&#8221;border&#8221; class=&#8221;&#8221; align=&#8221;center&#8221; link=&#8221;http:\/\/www.orthoestetic.es\/ca\/clinica-dental-barcelona\/#CVMarta&#8221; linkTarget=&#8221;_self&#8221; bgColor=&#8221;accent1&#8243; hover_color=&#8221;accent1&#8243; font=&#8221;14&#8243; icon=&#8221;&#8221; icon_placement=&#8221;left&#8221; icon_color=&#8221;&#8221;]CV Dra. Marta Holgu\u00edn[\/button]<\/p>\n<p>[\/column_1]<\/p>\n<p>[\/column]<\/p>\n<p>[column parallax_bg=&#8221;disabled&#8221; parallax_bg_inertia=&#8221;0&#8243; extended=&#8221;true&#8221; extended_padding=&#8221;true&#8221; background_color=&#8221;&#8221; background_image=&#8221;http:\/\/www.orthoestetic.es\/wp-content\/uploads\/2016\/06\/home2.jpg&#8221; background_repeat=&#8221;no-repeat&#8221; background_position=&#8221;center center&#8221; background_size=&#8221;auto&#8221; background_attachment=&#8221;scroll&#8221; hide_bg_lowres=&#8221;false&#8221; background_video=&#8221;&#8221; vertical_padding_top=&#8221;60&#8243; vertical_padding_bottom=&#8221;20&#8243; more_link=&#8221;&#8221; more_text=&#8221;&#8221; left_border=&#8221;transparent&#8221; class=&#8221;&#8221; id=&#8221;&#8221; title=&#8221;&#8221; title_type=&#8221;no-divider&#8221; animation=&#8221;none&#8221; width=&#8221;1\/1&#8243; last=&#8221;true&#8221;]<\/p>\n<h1 style=\"text-align: center;\"><span style=\"color: #ffffff;\">Et convidem que descobreixis les nostres<\/span><\/h1>\n<h1 style=\"text-align: center;\"><span style=\"color: #ffffff;\"> instal\u00b7lacions a partir d&#8217;una visita virtual<\/span><\/h1>\n<p style=\"text-align: center;\">[button id=&#8221;&#8221; style=&#8221;filled&#8221; class=&#8221;&#8221; align=&#8221;center&#8221; link=&#8221; https:\/\/www.google.es\/maps\/place\/Orthoestetic+-+Cl%C3%ADnica+Dental+en+Barcelona\/@41.3981909,2.1670022,3a,75y,131h,90t\/data=!3m8!1e1!3m6!1sEFXY3Rs3lLYAAAQvO8GGWg!2e0!3e13!6s%2F%2Fgeo2.ggpht.com%2Fcbk%3Fpanoid%3DEFXY3Rs3lLYAAAQvO8GGWg%26output%3Dthumbnail%26cb_client%3Dsearch.TACTILE.gps%26thumb%3D2%26w%3D86%26h%3D86%26yaw%3D131.71658%26pitch%3D0!7i13312!8i6656!4m5!3m4!1s0x12a4a2ebaa666095:0x30a702c429f64aab!8m2!3d41.398213!4d2.167179!6m1!1e1&#8243; linkTarget=&#8221;_blank&#8221; bgColor=&#8221;accent1&#8243; hover_color=&#8221;accent8&#8243; font=&#8221;18&#8243; icon=&#8221;&#8221; icon_placement=&#8221;left&#8221; icon_color=&#8221;&#8221;]Visita virtual[\/button]<\/p>\n<p>[\/column][\/vc_column_text][\/vc_column][\/vc_row]<\/p>\n","protected":false},"excerpt":{"rendered":"<p>[vc_row][vc_column][vc_column_text][column parallax_bg=&#8221;disabled&#8221; parallax_bg_inertia=&#8221;-0.2&#8243; extended=&#8221;false&#8221; extended_padding=&#8221;true&#8221; background_color=&#8221;&#8221; background_image=&#8221;&#8221; background_repeat=&#8221;&#8221; background_position=&#8221;&#8221; background_size=&#8221;auto&#8221; background_attachment=&#8221;&#8221; hide_bg_lowres=&#8221;false&#8221; background_video=&#8221;&#8221; vertical_padding_top=&#8221;30&#8243; vertical_padding_bottom=&#8221;20&#8243; more_link=&#8221;&#8221; more_text=&#8221;&#8221; left_border=&#8221;transparent&#8221; class=&#8221;move-into-slider&#8221; id=&#8221;&#8221; title=&#8221;&#8221; title_type=&#8221;single&#8221; animation=&#8221;none&#8221; width=&#8221;1\/1&#8243; last=&#8221;true&#8221;] [&hellip;]<\/p>\n","protected":false},"author":3,"featured_media":0,"parent":0,"menu_order":0,"comment_status":"closed","ping_status":"closed","template":"","meta":[],"yoast_head":"<!-- This site is optimized with the Yoast SEO plugin v18.3 - https:\/\/yoast.com\/wordpress\/plugins\/seo\/ -->\n<title>Cl\u00ednica dental a Barcelona - Orthoestetic<\/title>\n<meta name=\"description\" content=\"Orthoestetic \u00e9s una cl\u00ednica dental a Barcelona. Oferim atenci\u00f3 en les especialitats odontol\u00f2giques desenvolupades per un professional especialitzat.\" \/>\n<meta name=\"robots\" content=\"index, follow, max-snippet:-1, max-image-preview:large, max-video-preview:-1, noarchive\" \/>\n<link rel=\"canonical\" href=\"https:\/\/www.orthoestetic.es\/ca\/\" \/>\n<meta property=\"og:locale\" content=\"ca_ES\" \/>\n<meta property=\"og:type\" content=\"article\" \/>\n<meta property=\"og:title\" content=\"Cl\u00ednica dental a Barcelona - Orthoestetic\" \/>\n<meta property=\"og:description\" content=\"Orthoestetic \u00e9s una cl\u00ednica dental a Barcelona. Oferim atenci\u00f3 en les especialitats odontol\u00f2giques desenvolupades per un professional especialitzat.\" \/>\n<meta property=\"og:url\" content=\"https:\/\/www.orthoestetic.es\/ca\/\" \/>\n<meta property=\"og:site_name\" content=\"ORTHOESTETIC\" \/>\n<meta property=\"article:publisher\" content=\"https:\/\/www.facebook.com\/clinicaorthoestetic\/\" \/>\n<meta property=\"article:modified_time\" content=\"2020-03-30T16:23:30+00:00\" \/>\n<meta name=\"twitter:card\" content=\"summary\" \/>\n<meta name=\"twitter:label1\" content=\"Temps estimat de lectura\" \/>\n\t<meta name=\"twitter:data1\" content=\"4 minuts\" \/>\n<script type=\"application\/ld+json\" class=\"yoast-schema-graph\">{\"@context\":\"https:\/\/schema.org\",\"@graph\":[{\"@type\":\"Organization\",\"@id\":\"https:\/\/www.orthoestetic.es\/#organization\",\"name\":\"Orthoestetic\",\"url\":\"https:\/\/www.orthoestetic.es\/\",\"sameAs\":[\"https:\/\/www.facebook.com\/clinicaorthoestetic\/\",\"https:\/\/www.instagram.com\/orthoestetic_bcn\/?hl=es\"],\"logo\":{\"@type\":\"ImageObject\",\"@id\":\"https:\/\/www.orthoestetic.es\/#logo\",\"inLanguage\":\"ca\",\"url\":\"https:\/\/www.orthoestetic.es\/wp-content\/uploads\/2020\/03\/ORTHOESTETIC_BARCELONA_LOGO.png\",\"contentUrl\":\"https:\/\/www.orthoestetic.es\/wp-content\/uploads\/2020\/03\/ORTHOESTETIC_BARCELONA_LOGO.png\",\"width\":1085,\"height\":432,\"caption\":\"Orthoestetic\"},\"image\":{\"@id\":\"https:\/\/www.orthoestetic.es\/#logo\"}},{\"@type\":\"WebSite\",\"@id\":\"https:\/\/www.orthoestetic.es\/#website\",\"url\":\"https:\/\/www.orthoestetic.es\/\",\"name\":\"Orthoestetic\",\"description\":\"Cl\u00ednica dental en Barcelona\",\"publisher\":{\"@id\":\"https:\/\/www.orthoestetic.es\/#organization\"},\"potentialAction\":[{\"@type\":\"SearchAction\",\"target\":{\"@type\":\"EntryPoint\",\"urlTemplate\":\"https:\/\/www.orthoestetic.es\/?s={search_term_string}\"},\"query-input\":\"required name=search_term_string\"}],\"inLanguage\":\"ca\"},{\"@type\":\"WebPage\",\"@id\":\"https:\/\/www.orthoestetic.es\/ca\/#webpage\",\"url\":\"https:\/\/www.orthoestetic.es\/ca\/\",\"name\":\"Cl\u00ednica dental a Barcelona - Orthoestetic\",\"isPartOf\":{\"@id\":\"https:\/\/www.orthoestetic.es\/#website\"},\"datePublished\":\"2016-11-16T16:18:33+00:00\",\"dateModified\":\"2020-03-30T16:23:30+00:00\",\"description\":\"Orthoestetic \u00e9s una cl\u00ednica dental a Barcelona. Oferim atenci\u00f3 en les especialitats odontol\u00f2giques desenvolupades per un professional especialitzat.\",\"breadcrumb\":{\"@id\":\"https:\/\/www.orthoestetic.es\/ca\/#breadcrumb\"},\"inLanguage\":\"ca\",\"potentialAction\":[{\"@type\":\"ReadAction\",\"target\":[\"https:\/\/www.orthoestetic.es\/ca\/\"]}]},{\"@type\":\"BreadcrumbList\",\"@id\":\"https:\/\/www.orthoestetic.es\/ca\/#breadcrumb\",\"itemListElement\":[{\"@type\":\"ListItem\",\"position\":1,\"name\":\"Portada\",\"item\":\"https:\/\/www.orthoestetic.es\/ca\/\"},{\"@type\":\"ListItem\",\"position\":2,\"name\":\"HOME\"}]}]}<\/script>\n<!-- \/ Yoast SEO plugin. -->","yoast_head_json":{"title":"Cl\u00ednica dental a Barcelona - Orthoestetic","description":"Orthoestetic \u00e9s una cl\u00ednica dental a Barcelona. Oferim atenci\u00f3 en les especialitats odontol\u00f2giques desenvolupades per un professional especialitzat.","robots":{"index":"index","follow":"follow","max-snippet":"max-snippet:-1","max-image-preview":"max-image-preview:large","max-video-preview":"max-video-preview:-1","archive":"noarchive"},"canonical":"https:\/\/www.orthoestetic.es\/ca\/","og_locale":"ca_ES","og_type":"article","og_title":"Cl\u00ednica dental a Barcelona - Orthoestetic","og_description":"Orthoestetic \u00e9s una cl\u00ednica dental a Barcelona. Oferim atenci\u00f3 en les especialitats odontol\u00f2giques desenvolupades per un professional especialitzat.","og_url":"https:\/\/www.orthoestetic.es\/ca\/","og_site_name":"ORTHOESTETIC","article_publisher":"https:\/\/www.facebook.com\/clinicaorthoestetic\/","article_modified_time":"2020-03-30T16:23:30+00:00","twitter_card":"summary","twitter_misc":{"Temps estimat de lectura":"4 minuts"},"schema":{"@context":"https:\/\/schema.org","@graph":[{"@type":"Organization","@id":"https:\/\/www.orthoestetic.es\/#organization","name":"Orthoestetic","url":"https:\/\/www.orthoestetic.es\/","sameAs":["https:\/\/www.facebook.com\/clinicaorthoestetic\/","https:\/\/www.instagram.com\/orthoestetic_bcn\/?hl=es"],"logo":{"@type":"ImageObject","@id":"https:\/\/www.orthoestetic.es\/#logo","inLanguage":"ca","url":"https:\/\/www.orthoestetic.es\/wp-content\/uploads\/2020\/03\/ORTHOESTETIC_BARCELONA_LOGO.png","contentUrl":"https:\/\/www.orthoestetic.es\/wp-content\/uploads\/2020\/03\/ORTHOESTETIC_BARCELONA_LOGO.png","width":1085,"height":432,"caption":"Orthoestetic"},"image":{"@id":"https:\/\/www.orthoestetic.es\/#logo"}},{"@type":"WebSite","@id":"https:\/\/www.orthoestetic.es\/#website","url":"https:\/\/www.orthoestetic.es\/","name":"Orthoestetic","description":"Cl\u00ednica dental en Barcelona","publisher":{"@id":"https:\/\/www.orthoestetic.es\/#organization"},"potentialAction":[{"@type":"SearchAction","target":{"@type":"EntryPoint","urlTemplate":"https:\/\/www.orthoestetic.es\/?s={search_term_string}"},"query-input":"required name=search_term_string"}],"inLanguage":"ca"},{"@type":"WebPage","@id":"https:\/\/www.orthoestetic.es\/ca\/#webpage","url":"https:\/\/www.orthoestetic.es\/ca\/","name":"Cl\u00ednica dental a Barcelona - Orthoestetic","isPartOf":{"@id":"https:\/\/www.orthoestetic.es\/#website"},"datePublished":"2016-11-16T16:18:33+00:00","dateModified":"2020-03-30T16:23:30+00:00","description":"Orthoestetic \u00e9s una cl\u00ednica dental a Barcelona. Oferim atenci\u00f3 en les especialitats odontol\u00f2giques desenvolupades per un professional especialitzat.","breadcrumb":{"@id":"https:\/\/www.orthoestetic.es\/ca\/#breadcrumb"},"inLanguage":"ca","potentialAction":[{"@type":"ReadAction","target":["https:\/\/www.orthoestetic.es\/ca\/"]}]},{"@type":"BreadcrumbList","@id":"https:\/\/www.orthoestetic.es\/ca\/#breadcrumb","itemListElement":[{"@type":"ListItem","position":1,"name":"Portada","item":"https:\/\/www.orthoestetic.es\/ca\/"},{"@type":"ListItem","position":2,"name":"HOME"}]}]}},"_links":{"self":[{"href":"https:\/\/www.orthoestetic.es\/ca\/wp-json\/wp\/v2\/pages\/9042\/"}],"collection":[{"href":"https:\/\/www.orthoestetic.es\/ca\/wp-json\/wp\/v2\/pages\/"}],"about":[{"href":"https:\/\/www.orthoestetic.es\/ca\/wp-json\/wp\/v2\/types\/page\/"}],"author":[{"embeddable":true,"href":"https:\/\/www.orthoestetic.es\/ca\/wp-json\/wp\/v2\/users\/3\/"}],"replies":[{"embeddable":true,"href":"https:\/\/www.orthoestetic.es\/ca\/wp-json\/wp\/v2\/comments\/?post=9042"}],"version-history":[{"count":6,"href":"https:\/\/www.orthoestetic.es\/ca\/wp-json\/wp\/v2\/pages\/9042\/revisions\/"}],"predecessor-version":[{"id":9446,"href":"https:\/\/www.orthoestetic.es\/ca\/wp-json\/wp\/v2\/pages\/9042\/revisions\/9446\/"}],"wp:attachment":[{"href":"https:\/\/www.orthoestetic.es\/ca\/wp-json\/wp\/v2\/media\/?parent=9042"}],"curies":[{"name":"wp","href":"https:\/\/api.w.org\/{rel}","templated":true}]}}