{"id":9081,"date":"2016-11-17T14:09:26","date_gmt":"2016-11-17T14:09:26","guid":{"rendered":"http:\/\/www.orthoestetic.es\/ca\/?page_id=9081"},"modified":"2016-11-17T14:27:21","modified_gmt":"2016-11-17T14:27:21","slug":"periodoncia","status":"publish","type":"page","link":"https:\/\/www.orthoestetic.es\/ca\/especialitats\/odontologia-a-barcelona\/periodoncia\/","title":{"rendered":"Period\u00f2ncia"},"content":{"rendered":"<p style=\"text-align: justify;\">\u00c9s l&#8217;especialitat de l&#8217;Odontologia que estudia la prevenci\u00f3, diagn\u00f2stic i tractament de les enfermetats i condicions que afecten els teixits que donen suport a les dents. Les principals enfermetats periodontals que afecten a la dentici\u00f3 s\u00f3n la gingivitis i la periodontitis.<\/p>\n<p style=\"text-align: justify;\">El tractament periodontal consisteix en eliminar el c\u00e0lcul present en les arrels mitjan\u00e7ant un curetatge per quadrants manual o amb cavitr\u00f3, recuperant aix\u00ed la salut de les genives.<\/p>\n<p style=\"text-align: justify;\">Per la qual cosa es recomana una visita amb el seu odont\u00f2leg per comprovar l&#8217;estat de les seves genives, un raspatllat correcte despr\u00e9s de cada menjar acompanyat d&#8217;un esbandida bucal i una higiene oral cada 6 mesos que ajudi a evitar les enfermetats periodontals i les seves conseq\u00fc\u00e8ncies.<\/p>\n<p style=\"text-align: justify;\"><strong>Gingivitis<\/strong><br \/>\n\u00c9s la inflamaci\u00f3 i enrogiment de les genives les quals presenten sagnat i sensibilitat al raspatllar-se les dents, el no detectar-se i tractar-se a temps fa que les bact\u00e8ries ataquin l&#8217;os convertint-se en periodontitis.<\/p>\n<p style=\"text-align: justify;\"><strong>Periodontitis<\/strong><br \/>\nL&#8217;os es debilita i es destrueix fins el punt que el dany \u00e9s irreversible per l&#8217;acumulament de c\u00e0lcul i placa bacteriana provocant la mobilitat dental i en el pitjor dels casos la p\u00e8rdua de dents.<\/p>\n<p style=\"text-align: justify;\"><img loading=\"lazy\" class=\"alignnone size-full wp-image-8303\" src=\"http:\/\/www.orthoestetic.es\/wp-content\/uploads\/2016\/06\/periodoncia.jpg\" alt=\"Period\u00f2ncia\" title=\"Period\u00f2ncia\" width=\"495\" height=\"206\" srcset=\"https:\/\/www.orthoestetic.es\/wp-content\/uploads\/2016\/06\/periodoncia.jpg 495w, https:\/\/www.orthoestetic.es\/wp-content\/uploads\/2016\/06\/periodoncia-300x125.jpg 300w, https:\/\/www.orthoestetic.es\/wp-content\/uploads\/2016\/06\/periodoncia-360x150.jpg 360w, https:\/\/www.orthoestetic.es\/wp-content\/uploads\/2016\/06\/periodoncia-262x109.jpg 262w\" sizes=\"(max-width: 495px) 100vw, 495px\" \/><\/p>\n<p>[blank h=&#8221;30&#8243;]<\/p>\n<p>[\/blank]<\/p>\n","protected":false},"excerpt":{"rendered":"<p>\u00c9s l&#8217;especialitat de l&#8217;Odontologia que estudia la prevenci\u00f3, diagn\u00f2stic i tractament de les enfermetats i condicions que afecten els teixits que donen suport a les [&hellip;]<\/p>\n","protected":false},"author":3,"featured_media":0,"parent":9070,"menu_order":1,"comment_status":"closed","ping_status":"closed","template":"","meta":[],"yoast_head":"<!-- This site is optimized with the Yoast SEO plugin v18.3 - https:\/\/yoast.com\/wordpress\/plugins\/seo\/ -->\n<title>Period\u00f2ncia a Barcelona - Orthoestetic<\/title>\n<meta name=\"description\" content=\"Period\u00f2ncia a Barcelona amb Orthoestetic. Tractament de les enfermetats periodentals, aix\u00ed com la seva prevenci\u00f3 i diagn\u00f2stic.\" \/>\n<meta name=\"robots\" content=\"index, follow, max-snippet:-1, max-image-preview:large, max-video-preview:-1\" \/>\n<link rel=\"canonical\" href=\"https:\/\/www.orthoestetic.es\/ca\/especialitats\/odontologia-a-barcelona\/periodoncia\/\" \/>\n<meta property=\"og:locale\" content=\"ca_ES\" \/>\n<meta property=\"og:type\" content=\"article\" \/>\n<meta property=\"og:title\" content=\"Period\u00f2ncia a Barcelona - Orthoestetic\" \/>\n<meta property=\"og:description\" content=\"Period\u00f2ncia a Barcelona amb Orthoestetic. Tractament de les enfermetats periodentals, aix\u00ed com la seva prevenci\u00f3 i diagn\u00f2stic.\" \/>\n<meta property=\"og:url\" content=\"https:\/\/www.orthoestetic.es\/ca\/especialitats\/odontologia-a-barcelona\/periodoncia\/\" \/>\n<meta property=\"og:site_name\" content=\"ORTHOESTETIC\" \/>\n<meta property=\"article:publisher\" content=\"https:\/\/www.facebook.com\/clinicaorthoestetic\/\" \/>\n<meta property=\"article:modified_time\" content=\"2016-11-17T14:27:21+00:00\" \/>\n<meta property=\"og:image\" content=\"http:\/\/www.orthoestetic.es\/wp-content\/uploads\/2016\/06\/periodoncia.jpg\" \/>\n<meta name=\"twitter:card\" content=\"summary\" \/>\n<meta name=\"twitter:label1\" content=\"Temps estimat de lectura\" \/>\n\t<meta name=\"twitter:data1\" content=\"1 minut\" \/>\n<script type=\"application\/ld+json\" class=\"yoast-schema-graph\">{\"@context\":\"https:\/\/schema.org\",\"@graph\":[{\"@type\":\"Organization\",\"@id\":\"https:\/\/www.orthoestetic.es\/#organization\",\"name\":\"Orthoestetic\",\"url\":\"https:\/\/www.orthoestetic.es\/\",\"sameAs\":[\"https:\/\/www.facebook.com\/clinicaorthoestetic\/\",\"https:\/\/www.instagram.com\/orthoestetic_bcn\/?hl=es\"],\"logo\":{\"@type\":\"ImageObject\",\"@id\":\"https:\/\/www.orthoestetic.es\/#logo\",\"inLanguage\":\"ca\",\"url\":\"https:\/\/www.orthoestetic.es\/wp-content\/uploads\/2020\/03\/ORTHOESTETIC_BARCELONA_LOGO.png\",\"contentUrl\":\"https:\/\/www.orthoestetic.es\/wp-content\/uploads\/2020\/03\/ORTHOESTETIC_BARCELONA_LOGO.png\",\"width\":1085,\"height\":432,\"caption\":\"Orthoestetic\"},\"image\":{\"@id\":\"https:\/\/www.orthoestetic.es\/#logo\"}},{\"@type\":\"WebSite\",\"@id\":\"https:\/\/www.orthoestetic.es\/#website\",\"url\":\"https:\/\/www.orthoestetic.es\/\",\"name\":\"Orthoestetic\",\"description\":\"Cl\u00ednica dental en Barcelona\",\"publisher\":{\"@id\":\"https:\/\/www.orthoestetic.es\/#organization\"},\"potentialAction\":[{\"@type\":\"SearchAction\",\"target\":{\"@type\":\"EntryPoint\",\"urlTemplate\":\"https:\/\/www.orthoestetic.es\/?s={search_term_string}\"},\"query-input\":\"required name=search_term_string\"}],\"inLanguage\":\"ca\"},{\"@type\":\"ImageObject\",\"@id\":\"https:\/\/www.orthoestetic.es\/ca\/especialitats\/odontologia-a-barcelona\/periodoncia\/#primaryimage\",\"inLanguage\":\"ca\",\"url\":\"http:\/\/www.orthoestetic.es\/wp-content\/uploads\/2016\/06\/periodoncia.jpg\",\"contentUrl\":\"http:\/\/www.orthoestetic.es\/wp-content\/uploads\/2016\/06\/periodoncia.jpg\"},{\"@type\":\"WebPage\",\"@id\":\"https:\/\/www.orthoestetic.es\/ca\/especialitats\/odontologia-a-barcelona\/periodoncia\/#webpage\",\"url\":\"https:\/\/www.orthoestetic.es\/ca\/especialitats\/odontologia-a-barcelona\/periodoncia\/\",\"name\":\"Period\u00f2ncia a Barcelona - Orthoestetic\",\"isPartOf\":{\"@id\":\"https:\/\/www.orthoestetic.es\/#website\"},\"primaryImageOfPage\":{\"@id\":\"https:\/\/www.orthoestetic.es\/ca\/especialitats\/odontologia-a-barcelona\/periodoncia\/#primaryimage\"},\"datePublished\":\"2016-11-17T14:09:26+00:00\",\"dateModified\":\"2016-11-17T14:27:21+00:00\",\"description\":\"Period\u00f2ncia a Barcelona amb Orthoestetic. Tractament de les enfermetats periodentals, aix\u00ed com la seva prevenci\u00f3 i diagn\u00f2stic.\",\"breadcrumb\":{\"@id\":\"https:\/\/www.orthoestetic.es\/ca\/especialitats\/odontologia-a-barcelona\/periodoncia\/#breadcrumb\"},\"inLanguage\":\"ca\",\"potentialAction\":[{\"@type\":\"ReadAction\",\"target\":[\"https:\/\/www.orthoestetic.es\/ca\/especialitats\/odontologia-a-barcelona\/periodoncia\/\"]}]},{\"@type\":\"BreadcrumbList\",\"@id\":\"https:\/\/www.orthoestetic.es\/ca\/especialitats\/odontologia-a-barcelona\/periodoncia\/#breadcrumb\",\"itemListElement\":[{\"@type\":\"ListItem\",\"position\":1,\"name\":\"Portada\",\"item\":\"https:\/\/www.orthoestetic.es\/ca\/\"},{\"@type\":\"ListItem\",\"position\":2,\"name\":\"ESPECIALITATS\",\"item\":\"https:\/\/www.orthoestetic.es\/ca\/especialitats\/\"},{\"@type\":\"ListItem\",\"position\":3,\"name\":\"ODONTOLOGIA\",\"item\":\"https:\/\/www.orthoestetic.es\/ca\/especialitats\/odontologia-a-barcelona\/\"},{\"@type\":\"ListItem\",\"position\":4,\"name\":\"Period\u00f2ncia\"}]}]}<\/script>\n<!-- \/ Yoast SEO plugin. -->","yoast_head_json":{"title":"Period\u00f2ncia a Barcelona - Orthoestetic","description":"Period\u00f2ncia a Barcelona amb Orthoestetic. Tractament de les enfermetats periodentals, aix\u00ed com la seva prevenci\u00f3 i diagn\u00f2stic.","robots":{"index":"index","follow":"follow","max-snippet":"max-snippet:-1","max-image-preview":"max-image-preview:large","max-video-preview":"max-video-preview:-1"},"canonical":"https:\/\/www.orthoestetic.es\/ca\/especialitats\/odontologia-a-barcelona\/periodoncia\/","og_locale":"ca_ES","og_type":"article","og_title":"Period\u00f2ncia a Barcelona - Orthoestetic","og_description":"Period\u00f2ncia a Barcelona amb Orthoestetic. Tractament de les enfermetats periodentals, aix\u00ed com la seva prevenci\u00f3 i diagn\u00f2stic.","og_url":"https:\/\/www.orthoestetic.es\/ca\/especialitats\/odontologia-a-barcelona\/periodoncia\/","og_site_name":"ORTHOESTETIC","article_publisher":"https:\/\/www.facebook.com\/clinicaorthoestetic\/","article_modified_time":"2016-11-17T14:27:21+00:00","og_image":[{"url":"http:\/\/www.orthoestetic.es\/wp-content\/uploads\/2016\/06\/periodoncia.jpg"}],"twitter_card":"summary","twitter_misc":{"Temps estimat de lectura":"1 minut"},"schema":{"@context":"https:\/\/schema.org","@graph":[{"@type":"Organization","@id":"https:\/\/www.orthoestetic.es\/#organization","name":"Orthoestetic","url":"https:\/\/www.orthoestetic.es\/","sameAs":["https:\/\/www.facebook.com\/clinicaorthoestetic\/","https:\/\/www.instagram.com\/orthoestetic_bcn\/?hl=es"],"logo":{"@type":"ImageObject","@id":"https:\/\/www.orthoestetic.es\/#logo","inLanguage":"ca","url":"https:\/\/www.orthoestetic.es\/wp-content\/uploads\/2020\/03\/ORTHOESTETIC_BARCELONA_LOGO.png","contentUrl":"https:\/\/www.orthoestetic.es\/wp-content\/uploads\/2020\/03\/ORTHOESTETIC_BARCELONA_LOGO.png","width":1085,"height":432,"caption":"Orthoestetic"},"image":{"@id":"https:\/\/www.orthoestetic.es\/#logo"}},{"@type":"WebSite","@id":"https:\/\/www.orthoestetic.es\/#website","url":"https:\/\/www.orthoestetic.es\/","name":"Orthoestetic","description":"Cl\u00ednica dental en Barcelona","publisher":{"@id":"https:\/\/www.orthoestetic.es\/#organization"},"potentialAction":[{"@type":"SearchAction","target":{"@type":"EntryPoint","urlTemplate":"https:\/\/www.orthoestetic.es\/?s={search_term_string}"},"query-input":"required name=search_term_string"}],"inLanguage":"ca"},{"@type":"ImageObject","@id":"https:\/\/www.orthoestetic.es\/ca\/especialitats\/odontologia-a-barcelona\/periodoncia\/#primaryimage","inLanguage":"ca","url":"http:\/\/www.orthoestetic.es\/wp-content\/uploads\/2016\/06\/periodoncia.jpg","contentUrl":"http:\/\/www.orthoestetic.es\/wp-content\/uploads\/2016\/06\/periodoncia.jpg"},{"@type":"WebPage","@id":"https:\/\/www.orthoestetic.es\/ca\/especialitats\/odontologia-a-barcelona\/periodoncia\/#webpage","url":"https:\/\/www.orthoestetic.es\/ca\/especialitats\/odontologia-a-barcelona\/periodoncia\/","name":"Period\u00f2ncia a Barcelona - Orthoestetic","isPartOf":{"@id":"https:\/\/www.orthoestetic.es\/#website"},"primaryImageOfPage":{"@id":"https:\/\/www.orthoestetic.es\/ca\/especialitats\/odontologia-a-barcelona\/periodoncia\/#primaryimage"},"datePublished":"2016-11-17T14:09:26+00:00","dateModified":"2016-11-17T14:27:21+00:00","description":"Period\u00f2ncia a Barcelona amb Orthoestetic. Tractament de les enfermetats periodentals, aix\u00ed com la seva prevenci\u00f3 i diagn\u00f2stic.","breadcrumb":{"@id":"https:\/\/www.orthoestetic.es\/ca\/especialitats\/odontologia-a-barcelona\/periodoncia\/#breadcrumb"},"inLanguage":"ca","potentialAction":[{"@type":"ReadAction","target":["https:\/\/www.orthoestetic.es\/ca\/especialitats\/odontologia-a-barcelona\/periodoncia\/"]}]},{"@type":"BreadcrumbList","@id":"https:\/\/www.orthoestetic.es\/ca\/especialitats\/odontologia-a-barcelona\/periodoncia\/#breadcrumb","itemListElement":[{"@type":"ListItem","position":1,"name":"Portada","item":"https:\/\/www.orthoestetic.es\/ca\/"},{"@type":"ListItem","position":2,"name":"ESPECIALITATS","item":"https:\/\/www.orthoestetic.es\/ca\/especialitats\/"},{"@type":"ListItem","position":3,"name":"ODONTOLOGIA","item":"https:\/\/www.orthoestetic.es\/ca\/especialitats\/odontologia-a-barcelona\/"},{"@type":"ListItem","position":4,"name":"Period\u00f2ncia"}]}]}},"_links":{"self":[{"href":"https:\/\/www.orthoestetic.es\/ca\/wp-json\/wp\/v2\/pages\/9081\/"}],"collection":[{"href":"https:\/\/www.orthoestetic.es\/ca\/wp-json\/wp\/v2\/pages\/"}],"about":[{"href":"https:\/\/www.orthoestetic.es\/ca\/wp-json\/wp\/v2\/types\/page\/"}],"author":[{"embeddable":true,"href":"https:\/\/www.orthoestetic.es\/ca\/wp-json\/wp\/v2\/users\/3\/"}],"replies":[{"embeddable":true,"href":"https:\/\/www.orthoestetic.es\/ca\/wp-json\/wp\/v2\/comments\/?post=9081"}],"version-history":[{"count":3,"href":"https:\/\/www.orthoestetic.es\/ca\/wp-json\/wp\/v2\/pages\/9081\/revisions\/"}],"predecessor-version":[{"id":9084,"href":"https:\/\/www.orthoestetic.es\/ca\/wp-json\/wp\/v2\/pages\/9081\/revisions\/9084\/"}],"up":[{"embeddable":true,"href":"https:\/\/www.orthoestetic.es\/ca\/wp-json\/wp\/v2\/pages\/9070\/"}],"wp:attachment":[{"href":"https:\/\/www.orthoestetic.es\/ca\/wp-json\/wp\/v2\/media\/?parent=9081"}],"curies":[{"name":"wp","href":"https:\/\/api.w.org\/{rel}","templated":true}]}}