{"id":9102,"date":"2016-11-17T16:45:48","date_gmt":"2016-11-17T16:45:48","guid":{"rendered":"http:\/\/www.orthoestetic.es\/ca\/?page_id=9102"},"modified":"2016-11-17T17:02:33","modified_gmt":"2016-11-17T17:02:33","slug":"odontogeriatria","status":"publish","type":"page","link":"https:\/\/www.orthoestetic.es\/ca\/especialitats\/odontologia-a-barcelona\/odontogeriatria\/","title":{"rendered":"Odontogeriatria"},"content":{"rendered":"<p style=\"text-align: justify;\">La cl\u00ednica amb tot el seu equip multidisciplinari de professionals es dedica al diagn\u00f2stic, la prevenci\u00f3 i el tractament de malalties dentals relatives a l&#8217;edat, com extraccions, pr\u00f2tesi total, pr\u00f2tesi sobre implants, entre altres.<br \/>\nAquests tractaments en els pacients d&#8217;edat avan\u00e7ada tamb\u00e9 exigeixen una comprensi\u00f3 dels aspectes m\u00e8dics i dentales, incloent la complexitat sist\u00e8mica, m\u00faltiples condicions dentals, disminuci\u00f3 de la capacitat funcional, p\u00e8rdua de la independ\u00e8ncia i la desinformaci\u00f3 de la cura dental en la vellesa.<\/p>\n<p style=\"text-align: justify;\">El nostre principal objectiu \u00e9s cobrir el buit existent en l&#8217;assist\u00e8ncia a persones de la tercera edat amb dificultats en el despla\u00e7ament per accedir als serveis en les cl\u00edniques dentals habituals.<\/p>\n<p style=\"text-align: justify;\">La cl\u00ednica ofereix el servei d&#8217;atenci\u00f3 domicili\u00e0ria als pacients geri\u00e0trics amb professionals especialitzats en els diferents camps de la salut dental.<\/p>\n<p style=\"text-align: justify;\">Els nostres serveis s\u00f3n:<\/p>\n<ul class=\"simple_list clearfix\">\n<li class=\"icon_small_arrow mark clearfix\"> Exploraci\u00f3 i diagon\u00f2stic de lesions pre-malignes en la cavitat oral.<\/li>\n<li class=\"icon_small_arrow mark clearfix\"> Control farmacol\u00f2gic de diverses infeccions orals.<\/li>\n<li class=\"icon_small_arrow mark clearfix\"> Realitzaci\u00f3 de pr\u00f2tesis dentals parcials o completes.<\/li>\n<li class=\"icon_small_arrow mark clearfix\"> Compostures i rebases de pr\u00f2tesis dentals.<\/li>\n<li class=\"icon_small_arrow mark clearfix\"> Manteniment periodontal b\u00e0sic.<\/li>\n<li class=\"icon_small_arrow mark clearfix\"> Formaci\u00f3 i instrucci\u00f3 en higiene oral per a personal auxiliar, familiars i propis usuaris.<\/li>\n<li class=\"icon_small_arrow mark clearfix\"> Formaci\u00f3 del personal que t\u00e9 cura habitualment al gran en la detecci\u00f3 de possibles anomalies en les mucoses, dents i pr\u00f2tesis.<\/li>\n<\/ul>\n<p style=\"text-align: justify;\"><img loading=\"lazy\" class=\"alignnone size-full wp-image-8312\" src=\"http:\/\/www.orthoestetic.es\/wp-content\/uploads\/2016\/06\/odontogeriatria.jpg\" alt=\"Odontogeriatria\" title=\"Odontogeriatria\" width=\"495\" height=\"202\" srcset=\"https:\/\/www.orthoestetic.es\/wp-content\/uploads\/2016\/06\/odontogeriatria.jpg 495w, https:\/\/www.orthoestetic.es\/wp-content\/uploads\/2016\/06\/odontogeriatria-300x122.jpg 300w, https:\/\/www.orthoestetic.es\/wp-content\/uploads\/2016\/06\/odontogeriatria-360x147.jpg 360w, https:\/\/www.orthoestetic.es\/wp-content\/uploads\/2016\/06\/odontogeriatria-262x107.jpg 262w\" sizes=\"(max-width: 495px) 100vw, 495px\" \/><\/p>\n<p>[blank h=&#8221;30&#8243;]<\/p>\n<p>[\/blank]<\/p>\n","protected":false},"excerpt":{"rendered":"<p>La cl\u00ednica amb tot el seu equip multidisciplinari de professionals es dedica al diagn\u00f2stic, la prevenci\u00f3 i el tractament de malalties dentals relatives a l&#8217;edat, [&hellip;]<\/p>\n","protected":false},"author":3,"featured_media":0,"parent":9070,"menu_order":5,"comment_status":"closed","ping_status":"closed","template":"","meta":[],"yoast_head":"<!-- This site is optimized with the Yoast SEO plugin v18.3 - https:\/\/yoast.com\/wordpress\/plugins\/seo\/ -->\n<title>Odontogeriatria a Barcelona - Orthoestetic<\/title>\n<meta name=\"description\" content=\"Odontogeriatria a Barcelona amb Orthoestetic. Ens dediquem plenament a la salut bucal de les persones adultes majors de 65 anys d&#039;edat.\" \/>\n<meta name=\"robots\" content=\"index, follow, max-snippet:-1, max-image-preview:large, max-video-preview:-1\" \/>\n<link rel=\"canonical\" href=\"https:\/\/www.orthoestetic.es\/ca\/especialitats\/odontologia-a-barcelona\/odontogeriatria\/\" \/>\n<meta property=\"og:locale\" content=\"ca_ES\" \/>\n<meta property=\"og:type\" content=\"article\" \/>\n<meta property=\"og:title\" content=\"Odontogeriatria a Barcelona - Orthoestetic\" \/>\n<meta property=\"og:description\" content=\"Odontogeriatria a Barcelona amb Orthoestetic. Ens dediquem plenament a la salut bucal de les persones adultes majors de 65 anys d&#039;edat.\" \/>\n<meta property=\"og:url\" content=\"https:\/\/www.orthoestetic.es\/ca\/especialitats\/odontologia-a-barcelona\/odontogeriatria\/\" \/>\n<meta property=\"og:site_name\" content=\"ORTHOESTETIC\" \/>\n<meta property=\"article:publisher\" content=\"https:\/\/www.facebook.com\/clinicaorthoestetic\/\" \/>\n<meta property=\"article:modified_time\" content=\"2016-11-17T17:02:33+00:00\" \/>\n<meta property=\"og:image\" content=\"http:\/\/www.orthoestetic.es\/wp-content\/uploads\/2016\/06\/odontogeriatria.jpg\" \/>\n<meta name=\"twitter:card\" content=\"summary\" \/>\n<meta name=\"twitter:label1\" content=\"Temps estimat de lectura\" \/>\n\t<meta name=\"twitter:data1\" content=\"1 minut\" \/>\n<script type=\"application\/ld+json\" class=\"yoast-schema-graph\">{\"@context\":\"https:\/\/schema.org\",\"@graph\":[{\"@type\":\"Organization\",\"@id\":\"https:\/\/www.orthoestetic.es\/#organization\",\"name\":\"Orthoestetic\",\"url\":\"https:\/\/www.orthoestetic.es\/\",\"sameAs\":[\"https:\/\/www.facebook.com\/clinicaorthoestetic\/\",\"https:\/\/www.instagram.com\/orthoestetic_bcn\/?hl=es\"],\"logo\":{\"@type\":\"ImageObject\",\"@id\":\"https:\/\/www.orthoestetic.es\/#logo\",\"inLanguage\":\"ca\",\"url\":\"https:\/\/www.orthoestetic.es\/wp-content\/uploads\/2020\/03\/ORTHOESTETIC_BARCELONA_LOGO.png\",\"contentUrl\":\"https:\/\/www.orthoestetic.es\/wp-content\/uploads\/2020\/03\/ORTHOESTETIC_BARCELONA_LOGO.png\",\"width\":1085,\"height\":432,\"caption\":\"Orthoestetic\"},\"image\":{\"@id\":\"https:\/\/www.orthoestetic.es\/#logo\"}},{\"@type\":\"WebSite\",\"@id\":\"https:\/\/www.orthoestetic.es\/#website\",\"url\":\"https:\/\/www.orthoestetic.es\/\",\"name\":\"Orthoestetic\",\"description\":\"Cl\u00ednica dental en Barcelona\",\"publisher\":{\"@id\":\"https:\/\/www.orthoestetic.es\/#organization\"},\"potentialAction\":[{\"@type\":\"SearchAction\",\"target\":{\"@type\":\"EntryPoint\",\"urlTemplate\":\"https:\/\/www.orthoestetic.es\/?s={search_term_string}\"},\"query-input\":\"required name=search_term_string\"}],\"inLanguage\":\"ca\"},{\"@type\":\"ImageObject\",\"@id\":\"https:\/\/www.orthoestetic.es\/ca\/especialitats\/odontologia-a-barcelona\/odontogeriatria\/#primaryimage\",\"inLanguage\":\"ca\",\"url\":\"http:\/\/www.orthoestetic.es\/wp-content\/uploads\/2016\/06\/odontogeriatria.jpg\",\"contentUrl\":\"http:\/\/www.orthoestetic.es\/wp-content\/uploads\/2016\/06\/odontogeriatria.jpg\"},{\"@type\":\"WebPage\",\"@id\":\"https:\/\/www.orthoestetic.es\/ca\/especialitats\/odontologia-a-barcelona\/odontogeriatria\/#webpage\",\"url\":\"https:\/\/www.orthoestetic.es\/ca\/especialitats\/odontologia-a-barcelona\/odontogeriatria\/\",\"name\":\"Odontogeriatria a Barcelona - Orthoestetic\",\"isPartOf\":{\"@id\":\"https:\/\/www.orthoestetic.es\/#website\"},\"primaryImageOfPage\":{\"@id\":\"https:\/\/www.orthoestetic.es\/ca\/especialitats\/odontologia-a-barcelona\/odontogeriatria\/#primaryimage\"},\"datePublished\":\"2016-11-17T16:45:48+00:00\",\"dateModified\":\"2016-11-17T17:02:33+00:00\",\"description\":\"Odontogeriatria a Barcelona amb Orthoestetic. Ens dediquem plenament a la salut bucal de les persones adultes majors de 65 anys d'edat.\",\"breadcrumb\":{\"@id\":\"https:\/\/www.orthoestetic.es\/ca\/especialitats\/odontologia-a-barcelona\/odontogeriatria\/#breadcrumb\"},\"inLanguage\":\"ca\",\"potentialAction\":[{\"@type\":\"ReadAction\",\"target\":[\"https:\/\/www.orthoestetic.es\/ca\/especialitats\/odontologia-a-barcelona\/odontogeriatria\/\"]}]},{\"@type\":\"BreadcrumbList\",\"@id\":\"https:\/\/www.orthoestetic.es\/ca\/especialitats\/odontologia-a-barcelona\/odontogeriatria\/#breadcrumb\",\"itemListElement\":[{\"@type\":\"ListItem\",\"position\":1,\"name\":\"Portada\",\"item\":\"https:\/\/www.orthoestetic.es\/ca\/\"},{\"@type\":\"ListItem\",\"position\":2,\"name\":\"ESPECIALITATS\",\"item\":\"https:\/\/www.orthoestetic.es\/ca\/especialitats\/\"},{\"@type\":\"ListItem\",\"position\":3,\"name\":\"ODONTOLOGIA\",\"item\":\"https:\/\/www.orthoestetic.es\/ca\/especialitats\/odontologia-a-barcelona\/\"},{\"@type\":\"ListItem\",\"position\":4,\"name\":\"Odontogeriatria\"}]}]}<\/script>\n<!-- \/ Yoast SEO plugin. -->","yoast_head_json":{"title":"Odontogeriatria a Barcelona - Orthoestetic","description":"Odontogeriatria a Barcelona amb Orthoestetic. Ens dediquem plenament a la salut bucal de les persones adultes majors de 65 anys d'edat.","robots":{"index":"index","follow":"follow","max-snippet":"max-snippet:-1","max-image-preview":"max-image-preview:large","max-video-preview":"max-video-preview:-1"},"canonical":"https:\/\/www.orthoestetic.es\/ca\/especialitats\/odontologia-a-barcelona\/odontogeriatria\/","og_locale":"ca_ES","og_type":"article","og_title":"Odontogeriatria a Barcelona - Orthoestetic","og_description":"Odontogeriatria a Barcelona amb Orthoestetic. Ens dediquem plenament a la salut bucal de les persones adultes majors de 65 anys d'edat.","og_url":"https:\/\/www.orthoestetic.es\/ca\/especialitats\/odontologia-a-barcelona\/odontogeriatria\/","og_site_name":"ORTHOESTETIC","article_publisher":"https:\/\/www.facebook.com\/clinicaorthoestetic\/","article_modified_time":"2016-11-17T17:02:33+00:00","og_image":[{"url":"http:\/\/www.orthoestetic.es\/wp-content\/uploads\/2016\/06\/odontogeriatria.jpg"}],"twitter_card":"summary","twitter_misc":{"Temps estimat de lectura":"1 minut"},"schema":{"@context":"https:\/\/schema.org","@graph":[{"@type":"Organization","@id":"https:\/\/www.orthoestetic.es\/#organization","name":"Orthoestetic","url":"https:\/\/www.orthoestetic.es\/","sameAs":["https:\/\/www.facebook.com\/clinicaorthoestetic\/","https:\/\/www.instagram.com\/orthoestetic_bcn\/?hl=es"],"logo":{"@type":"ImageObject","@id":"https:\/\/www.orthoestetic.es\/#logo","inLanguage":"ca","url":"https:\/\/www.orthoestetic.es\/wp-content\/uploads\/2020\/03\/ORTHOESTETIC_BARCELONA_LOGO.png","contentUrl":"https:\/\/www.orthoestetic.es\/wp-content\/uploads\/2020\/03\/ORTHOESTETIC_BARCELONA_LOGO.png","width":1085,"height":432,"caption":"Orthoestetic"},"image":{"@id":"https:\/\/www.orthoestetic.es\/#logo"}},{"@type":"WebSite","@id":"https:\/\/www.orthoestetic.es\/#website","url":"https:\/\/www.orthoestetic.es\/","name":"Orthoestetic","description":"Cl\u00ednica dental en Barcelona","publisher":{"@id":"https:\/\/www.orthoestetic.es\/#organization"},"potentialAction":[{"@type":"SearchAction","target":{"@type":"EntryPoint","urlTemplate":"https:\/\/www.orthoestetic.es\/?s={search_term_string}"},"query-input":"required name=search_term_string"}],"inLanguage":"ca"},{"@type":"ImageObject","@id":"https:\/\/www.orthoestetic.es\/ca\/especialitats\/odontologia-a-barcelona\/odontogeriatria\/#primaryimage","inLanguage":"ca","url":"http:\/\/www.orthoestetic.es\/wp-content\/uploads\/2016\/06\/odontogeriatria.jpg","contentUrl":"http:\/\/www.orthoestetic.es\/wp-content\/uploads\/2016\/06\/odontogeriatria.jpg"},{"@type":"WebPage","@id":"https:\/\/www.orthoestetic.es\/ca\/especialitats\/odontologia-a-barcelona\/odontogeriatria\/#webpage","url":"https:\/\/www.orthoestetic.es\/ca\/especialitats\/odontologia-a-barcelona\/odontogeriatria\/","name":"Odontogeriatria a Barcelona - Orthoestetic","isPartOf":{"@id":"https:\/\/www.orthoestetic.es\/#website"},"primaryImageOfPage":{"@id":"https:\/\/www.orthoestetic.es\/ca\/especialitats\/odontologia-a-barcelona\/odontogeriatria\/#primaryimage"},"datePublished":"2016-11-17T16:45:48+00:00","dateModified":"2016-11-17T17:02:33+00:00","description":"Odontogeriatria a Barcelona amb Orthoestetic. Ens dediquem plenament a la salut bucal de les persones adultes majors de 65 anys d'edat.","breadcrumb":{"@id":"https:\/\/www.orthoestetic.es\/ca\/especialitats\/odontologia-a-barcelona\/odontogeriatria\/#breadcrumb"},"inLanguage":"ca","potentialAction":[{"@type":"ReadAction","target":["https:\/\/www.orthoestetic.es\/ca\/especialitats\/odontologia-a-barcelona\/odontogeriatria\/"]}]},{"@type":"BreadcrumbList","@id":"https:\/\/www.orthoestetic.es\/ca\/especialitats\/odontologia-a-barcelona\/odontogeriatria\/#breadcrumb","itemListElement":[{"@type":"ListItem","position":1,"name":"Portada","item":"https:\/\/www.orthoestetic.es\/ca\/"},{"@type":"ListItem","position":2,"name":"ESPECIALITATS","item":"https:\/\/www.orthoestetic.es\/ca\/especialitats\/"},{"@type":"ListItem","position":3,"name":"ODONTOLOGIA","item":"https:\/\/www.orthoestetic.es\/ca\/especialitats\/odontologia-a-barcelona\/"},{"@type":"ListItem","position":4,"name":"Odontogeriatria"}]}]}},"_links":{"self":[{"href":"https:\/\/www.orthoestetic.es\/ca\/wp-json\/wp\/v2\/pages\/9102\/"}],"collection":[{"href":"https:\/\/www.orthoestetic.es\/ca\/wp-json\/wp\/v2\/pages\/"}],"about":[{"href":"https:\/\/www.orthoestetic.es\/ca\/wp-json\/wp\/v2\/types\/page\/"}],"author":[{"embeddable":true,"href":"https:\/\/www.orthoestetic.es\/ca\/wp-json\/wp\/v2\/users\/3\/"}],"replies":[{"embeddable":true,"href":"https:\/\/www.orthoestetic.es\/ca\/wp-json\/wp\/v2\/comments\/?post=9102"}],"version-history":[{"count":3,"href":"https:\/\/www.orthoestetic.es\/ca\/wp-json\/wp\/v2\/pages\/9102\/revisions\/"}],"predecessor-version":[{"id":9104,"href":"https:\/\/www.orthoestetic.es\/ca\/wp-json\/wp\/v2\/pages\/9102\/revisions\/9104\/"}],"up":[{"embeddable":true,"href":"https:\/\/www.orthoestetic.es\/ca\/wp-json\/wp\/v2\/pages\/9070\/"}],"wp:attachment":[{"href":"https:\/\/www.orthoestetic.es\/ca\/wp-json\/wp\/v2\/media\/?parent=9102"}],"curies":[{"name":"wp","href":"https:\/\/api.w.org\/{rel}","templated":true}]}}